{"id":1252,"date":"2021-09-07T14:47:52","date_gmt":"2021-09-07T17:47:52","guid":{"rendered":"https:\/\/alutech.com.ar\/tienda\/?post_type=product&#038;p=1252"},"modified":"2023-07-31T12:35:09","modified_gmt":"2023-07-31T15:35:09","slug":"membrana-asfaltica-lamiplas-35-kg-aluminio","status":"publish","type":"product","link":"https:\/\/alutech.com.ar\/tienda\/producto\/membrana-asfaltica-lamiplas-35-kg-aluminio\/","title":{"rendered":"Membrana asfaltica Lamiplas 35 kg aluminio"},"content":{"rendered":"<p data-wp-editing=\"1\"><a href=\"https:\/\/alutech.com.ar\/tienda\/wp-content\/uploads\/2021\/09\/lamiplas-header-35kg3.jpg\"><img loading=\"lazy\" decoding=\"async\" class=\"alignnone size-full wp-image-1383\" src=\"https:\/\/alutech.com.ar\/tienda\/wp-content\/uploads\/2021\/09\/lamiplas-header-35kg3.jpg\" alt=\"\" width=\"977\" height=\"550\" srcset=\"https:\/\/alutech.com.ar\/tienda\/wp-content\/uploads\/2021\/09\/lamiplas-header-35kg3.jpg 977w, https:\/\/alutech.com.ar\/tienda\/wp-content\/uploads\/2021\/09\/lamiplas-header-35kg3-300x169.jpg 300w, https:\/\/alutech.com.ar\/tienda\/wp-content\/uploads\/2021\/09\/lamiplas-header-35kg3-768x432.jpg 768w, https:\/\/alutech.com.ar\/tienda\/wp-content\/uploads\/2021\/09\/lamiplas-header-35kg3-600x338.jpg 600w\" sizes=\"(max-width: 977px) 100vw, 977px\" \/><\/a><\/p>\n<h3>Aluminio<\/h3>\n<div>Esta l\u00ednea se fabrica con dos opciones de aluminio.<\/div>\n<div>El cliente puede optar entre una u otra.<\/div>\n<ol>\n<li>Foil de aluminio gofrado de temple extrablando de 20 micrones de espesor.<\/li>\n<li>Foil de aluminio compuesto gofrado, del tipo flexible.<\/li>\n<\/ol>\n<div>\n<p>El aluminio es un metal al cual no pueden penetrar los rayos UV del sol. Esto hace que la membrana sea el mejor producto para aplicar sobre una cubierta, porque el sol no puede alterar los componentes internos de la membrana (asfalto y polietileno) que est\u00e1n siempre protegidos.<\/p>\n<\/div>\n<div>Ventajas del aluminio flexible compuesto:<\/div>\n<div>Mayor flexibilidad, resiste mejor el plegado (en zonas cr\u00edticas como \u00e1ngulos o esquinas), mayor resistencia mec\u00e1nica, se adapta a superficies onduladas o irregulares.<\/div>\n<div><\/div>\n<div><a href=\"https:\/\/alutech.com.ar\/tienda\/wp-content\/uploads\/2021\/09\/CapasMembranas-510x203-1.png\"><img loading=\"lazy\" decoding=\"async\" class=\"alignnone size-medium wp-image-1251\" src=\"https:\/\/alutech.com.ar\/tienda\/wp-content\/uploads\/2021\/09\/CapasMembranas-510x203-1-300x119.png\" alt=\"\" width=\"300\" height=\"119\" srcset=\"https:\/\/alutech.com.ar\/tienda\/wp-content\/uploads\/2021\/09\/CapasMembranas-510x203-1-300x119.png 300w, https:\/\/alutech.com.ar\/tienda\/wp-content\/uploads\/2021\/09\/CapasMembranas-510x203-1.png 510w\" sizes=\"(max-width: 300px) 100vw, 300px\" \/><\/a><\/div>\n<div>\n<div id=\"col-618791123\" class=\"col medium-4 small-12 large-4\">\n<div class=\"col-inner\">\n<h3>Asfalto:<\/h3>\n<p>Membrana fabricada con asfalto pl\u00e1stico normalizado N\u00ba1. Asfalto oxidado.<br \/>\nDe acuerdo a la circular t\u00e9cnica de <strong>YPF\u00a0<\/strong>el asfalto pl\u00e1stico se comporta como un cemento asf\u00e1ltico por su grado de penetraci\u00f3n pero con un punto de ablandamiento similar al asfalto industrial. Posee todas las cualidades como impermeabilizante, cumple todas las exigencias internacionales para uso en membranas asf\u00e1lticas.<\/p>\n<h3>Polietileno:<\/h3>\n<p>Membrana fabricada con polietileno de alta densidad como armadura o alma central, como banda de solape y tambi\u00e9n como terminaci\u00f3n inferior (antiadherente). Para las diferentes prestaciones var\u00edan los espesores, 15 micrones el inferior y la banda de solape, 30 micrones el alma central, 40-50 micrones el alma central del Geotextil.<br \/>\nEste polietileno de alta densidad es fabricado con materia prima virgen<br \/>\npara poder soportar los reg\u00edmenes de fabricaci\u00f3n que oscilan entre 140\u00baC y 160\u00baC sin fundirse ni afectar sus propiedades ni composici\u00f3n qu\u00edmica.<\/p>\n<\/div>\n<h2>Preguntas frecuentes<br \/>\n&#8212;&#8212;&#8212;&#8212;&#8212;&#8212;&#8212;&#8212;&#8212;&#8212;&#8212;<\/h2>\n<p>\u00bfPuedo retirar mi compra de alg\u00fan lugar?<br \/>\nSi. Puede retirar su compra desde nuestro deposito previa confirmacion presentando el DNI del comprador.<\/p>\n<p>\u00bfHacen env\u00edos?<br \/>\nS\u00ed. Enviamos a la CABA y al Gran BS AS con mini flete en el d\u00eda.<br \/>\nAl momento de realizar la compra tiene que elegir la opci\u00f3n de entrega \u201cAcuerdo con el vendedor\u201d y luego coordinar la entrega.<\/p>\n<\/div>\n<\/div>\n","protected":false},"excerpt":{"rendered":"<ul>\n<li>Membrana\u00a0 asfaltica de aluminio<\/li>\n<li>Para techos sin transito o transito ocasional<\/li>\n<li>Rollo de 35 kg<\/li>\n<li>Marca Lamiplas<\/li>\n<li>Linea profesional<\/li>\n<li>10 mts de largo<\/li>\n<li>1 mts de ancho<\/li>\n<\/ul>\n","protected":false},"featured_media":1254,"comment_status":"open","ping_status":"closed","template":"","meta":{"spay_email":""},"product_cat":[32],"product_tag":[],"_links":{"self":[{"href":"https:\/\/alutech.com.ar\/tienda\/wp-json\/wp\/v2\/product\/1252"}],"collection":[{"href":"https:\/\/alutech.com.ar\/tienda\/wp-json\/wp\/v2\/product"}],"about":[{"href":"https:\/\/alutech.com.ar\/tienda\/wp-json\/wp\/v2\/types\/product"}],"replies":[{"embeddable":true,"href":"https:\/\/alutech.com.ar\/tienda\/wp-json\/wp\/v2\/comments?post=1252"}],"wp:featuredmedia":[{"embeddable":true,"href":"https:\/\/alutech.com.ar\/tienda\/wp-json\/wp\/v2\/media\/1254"}],"wp:attachment":[{"href":"https:\/\/alutech.com.ar\/tienda\/wp-json\/wp\/v2\/media?parent=1252"}],"wp:term":[{"taxonomy":"product_cat","embeddable":true,"href":"https:\/\/alutech.com.ar\/tienda\/wp-json\/wp\/v2\/product_cat?post=1252"},{"taxonomy":"product_tag","embeddable":true,"href":"https:\/\/alutech.com.ar\/tienda\/wp-json\/wp\/v2\/product_tag?post=1252"}],"curies":[{"name":"wp","href":"https:\/\/api.w.org\/{rel}","templated":true}]}}