{"id":1255,"date":"2021-09-07T15:48:08","date_gmt":"2021-09-07T18:48:08","guid":{"rendered":"https:\/\/alutech.com.ar\/tienda\/?post_type=product&#038;p=1255"},"modified":"2026-04-27T21:53:54","modified_gmt":"2026-04-28T00:53:54","slug":"membrana-asfaltica-lamiplas-38-kg-geotextil","status":"publish","type":"product","link":"https:\/\/alutech.com.ar\/tienda\/producto\/membrana-asfaltica-lamiplas-38-kg-geotextil\/","title":{"rendered":"Membrana asfaltica Lamiplas 38 kg GEOTEXTIL"},"content":{"rendered":"<p><a href=\"https:\/\/alutech.com.ar\/tienda\/wp-content\/uploads\/2021\/09\/lamiplas-header-geo.jpg\"><img loading=\"lazy\" decoding=\"async\" class=\"alignnone size-full wp-image-1279\" src=\"https:\/\/alutech.com.ar\/tienda\/wp-content\/uploads\/2021\/09\/lamiplas-header-geo.jpg\" alt=\"\" width=\"977\" height=\"550\" srcset=\"https:\/\/alutech.com.ar\/tienda\/wp-content\/uploads\/2021\/09\/lamiplas-header-geo.jpg 977w, https:\/\/alutech.com.ar\/tienda\/wp-content\/uploads\/2021\/09\/lamiplas-header-geo-300x169.jpg 300w, https:\/\/alutech.com.ar\/tienda\/wp-content\/uploads\/2021\/09\/lamiplas-header-geo-768x432.jpg 768w, https:\/\/alutech.com.ar\/tienda\/wp-content\/uploads\/2021\/09\/lamiplas-header-geo-600x338.jpg 600w\" sizes=\"(max-width: 977px) 100vw, 977px\" \/><\/a><\/p>\n<h3>Geotextil<\/h3>\n<div><strong>Lamiplas Geotextil<\/strong> posee una manta de poli\u00e9ster importada de 150-160 gr\/m2 .<br \/>\nLa manta esta confeccionada con fibras cortas de poli\u00e9ster virgen a trav\u00e9s de un proceso textil llamado \u201cno tejido\u201d que consta de un entramado termofijado.<br \/>\nEsta capa de alto gramaje le confiere a nuestra membrana <strong>Lamiplas Geotexttil<\/strong>, caracter\u00edsticas \u00fanicas y especiales que le aseguran estabilidad y gran resistencia, soportando el plegado, el punzonado, la tracci\u00f3n, la flexi\u00f3n y la ca\u00edda de granizo.<br \/>\nEstas condiciones especiales hacen que la membrana <strong>Lamiplas Geotextil<\/strong> tenga mayor durabilidad.<br \/>\n<strong>Lamiplas Geotextil<\/strong> es el producto ideal para impermeabilizar cubiertas transitables.<\/div>\n<div><a href=\"https:\/\/alutech.com.ar\/tienda\/wp-content\/uploads\/2021\/09\/GeoCapas-510x202-1.png\"><img loading=\"lazy\" decoding=\"async\" class=\"alignnone size-medium wp-image-1248\" src=\"https:\/\/alutech.com.ar\/tienda\/wp-content\/uploads\/2021\/09\/GeoCapas-510x202-1-300x119.png\" alt=\"\" width=\"300\" height=\"119\" srcset=\"https:\/\/alutech.com.ar\/tienda\/wp-content\/uploads\/2021\/09\/GeoCapas-510x202-1-300x119.png 300w, https:\/\/alutech.com.ar\/tienda\/wp-content\/uploads\/2021\/09\/GeoCapas-510x202-1.png 510w\" sizes=\"(max-width: 300px) 100vw, 300px\" \/><\/a><\/div>\n<div>\n<h3>Asfalto:<\/h3>\n<p>Membrana fabricada con asfalto pl\u00e1stico normalizado N\u00ba1. Asfalto oxidado.<br \/>\nDe acuerdo a la circular t\u00e9cnica de <strong>YPF\u00a0<\/strong>el asfalto pl\u00e1stico se comporta como un cemento asf\u00e1ltico por su grado de penetraci\u00f3n pero con un punto de ablandamiento similar al asfalto industrial. Posee todas las cualidades como impermeabilizante, cumple todas las exigencias internacionales para uso en membranas asf\u00e1lticas.<\/p>\n<h3>Polietileno:<\/h3>\n<p>Membrana fabricada con polietileno de alta densidad como armadura o alma central, como banda de solape y tambi\u00e9n como terminaci\u00f3n inferior (antiadherente). Para las diferentes prestaciones var\u00edan los espesores, 15 micrones el inferior y la banda de solape, 30 micrones el alma central, 40-50 micrones el alma central del Geotextil.<br \/>\nEste polietileno de alta densidad es fabricado con materia prima virgen<br \/>\npara poder soportar los reg\u00edmenes de fabricaci\u00f3n que oscilan entre 140\u00baC y 160\u00baC sin fundirse ni afectar sus propiedades ni composici\u00f3n qu\u00edmica<\/p>\n<\/div>\n<h2>Preguntas frecuentes<br \/>\n&#8212;&#8212;&#8212;&#8212;&#8212;&#8212;&#8212;&#8212;&#8212;&#8212;&#8212;<\/h2>\n<p>\u00bfPuedo retirar mi compra de alg\u00fan lugar?<br \/>\nSi. Puede retirar su compra desde nuestro deposito previa confirmacion presentando el DNI del comprador.<\/p>\n<p>\u00bfHacen env\u00edos?<br \/>\nS\u00ed. Enviamos a la CABA y al Gran BS AS con mini flete en el d\u00eda.<br \/>\nAl momento de realizar la compra tiene que elegir la opci\u00f3n de entrega \u201cAcuerdo con el vendedor\u201d y luego coordinar la entrega.<\/p>\n","protected":false},"excerpt":{"rendered":"<ul>\n<li>Membrana\u00a0 asfaltica geotextil<\/li>\n<li>Para techos con transito.<\/li>\n<li>Rollo de 38 kg<\/li>\n<li>Marca Lamiplas<\/li>\n<li>Linea profesional<\/li>\n<li>10 mts de largo<\/li>\n<li>1 mts de ancho<\/li>\n<\/ul>\n","protected":false},"featured_media":1249,"comment_status":"open","ping_status":"closed","template":"","meta":{"spay_email":""},"product_cat":[32],"product_tag":[],"_links":{"self":[{"href":"https:\/\/alutech.com.ar\/tienda\/wp-json\/wp\/v2\/product\/1255"}],"collection":[{"href":"https:\/\/alutech.com.ar\/tienda\/wp-json\/wp\/v2\/product"}],"about":[{"href":"https:\/\/alutech.com.ar\/tienda\/wp-json\/wp\/v2\/types\/product"}],"replies":[{"embeddable":true,"href":"https:\/\/alutech.com.ar\/tienda\/wp-json\/wp\/v2\/comments?post=1255"}],"wp:featuredmedia":[{"embeddable":true,"href":"https:\/\/alutech.com.ar\/tienda\/wp-json\/wp\/v2\/media\/1249"}],"wp:attachment":[{"href":"https:\/\/alutech.com.ar\/tienda\/wp-json\/wp\/v2\/media?parent=1255"}],"wp:term":[{"taxonomy":"product_cat","embeddable":true,"href":"https:\/\/alutech.com.ar\/tienda\/wp-json\/wp\/v2\/product_cat?post=1255"},{"taxonomy":"product_tag","embeddable":true,"href":"https:\/\/alutech.com.ar\/tienda\/wp-json\/wp\/v2\/product_tag?post=1255"}],"curies":[{"name":"wp","href":"https:\/\/api.w.org\/{rel}","templated":true}]}}