{"id":1263,"date":"2021-09-07T17:19:41","date_gmt":"2021-09-07T20:19:41","guid":{"rendered":"https:\/\/alutech.com.ar\/tienda\/?post_type=product&#038;p=1263"},"modified":"2023-07-31T12:35:08","modified_gmt":"2023-07-31T15:35:08","slug":"emulsion-asfaltica-lamiplas-techador-18kg","status":"publish","type":"product","link":"https:\/\/alutech.com.ar\/tienda\/producto\/emulsion-asfaltica-lamiplas-techador-18kg\/","title":{"rendered":"Emulsion asfaltica Lamiplas TECHADOR  18kg"},"content":{"rendered":"<div id=\"col-1954220328\" class=\"col medium-4 small-12 large-4\">\n<div class=\"col-inner\">\n<h3><a href=\"https:\/\/alutech.com.ar\/tienda\/wp-content\/uploads\/2021\/09\/techadorheader.jpg\"><img loading=\"lazy\" decoding=\"async\" class=\"alignnone wp-image-1264 size-full\" src=\"https:\/\/alutech.com.ar\/tienda\/wp-content\/uploads\/2021\/09\/techadorheader.jpg\" alt=\"\" width=\"466\" height=\"203\" srcset=\"https:\/\/alutech.com.ar\/tienda\/wp-content\/uploads\/2021\/09\/techadorheader.jpg 466w, https:\/\/alutech.com.ar\/tienda\/wp-content\/uploads\/2021\/09\/techadorheader-300x131.jpg 300w\" sizes=\"(max-width: 466px) 100vw, 466px\" \/><\/a><a href=\"https:\/\/alutech.com.ar\/tienda\/wp-content\/uploads\/2021\/09\/2Envases-copia-510x589-1.png\"><img loading=\"lazy\" decoding=\"async\" class=\"alignright wp-image-1266\" src=\"https:\/\/alutech.com.ar\/tienda\/wp-content\/uploads\/2021\/09\/2Envases-copia-510x589-1-150x150.png\" alt=\"\" width=\"200\" height=\"231\" srcset=\"https:\/\/alutech.com.ar\/tienda\/wp-content\/uploads\/2021\/09\/2Envases-copia-510x589-1-260x300.png 260w, https:\/\/alutech.com.ar\/tienda\/wp-content\/uploads\/2021\/09\/2Envases-copia-510x589-1.png 510w\" sizes=\"(max-width: 200px) 100vw, 200px\" \/><\/a><\/h3>\n<h3><\/h3>\n<div id=\"col-1005742034\" class=\"col medium-4 small-12 large-4\">\n<div class=\"col-inner\">\n<h3>Descripci\u00f3n<\/h3>\n<div>Las emulsiones asf\u00e1lticas son asfaltos dispersos en agua, con diferentes emulsificantes que le transmiten una determinada polaridad.<\/div>\n<div><strong>LAMIPLAS TECHADOR<\/strong> es un producto de consistencia pastosa, viene en su envase listo para aplicar en fr\u00edo.<\/div>\n<div><strong>LAMIPLAS TECHADOR<\/strong> es un producto de gran elasticidad.<\/div>\n<\/div>\n<\/div>\n<div id=\"col-1775385788\" class=\"col medium-4 small-12 large-4\">\n<div class=\"col-inner\">\n<h3>Usos:<\/h3>\n<p>Uno de los usos principales de <strong>LAMIPLAS TECHADOR<\/strong> es como imprimador, para aplicar sobre la cubierta antes de la colocaci\u00f3n de cualquier tipo de membranas asf\u00e1lticas.<\/p>\n<p>Por su f\u00e1cil manipulaci\u00f3n,\u00a0<strong>LAMIPLAS TECHADOR<\/strong> tambi\u00e9n se utiliza para realizar impermeabilizaciones in situ sobre la cubierta (techados asf\u00e1lticos) combin\u00e1ndolo con velo de vidrio o mantas de geotextil.<\/p>\n<\/div>\n<h2>Preguntas frecuentes<br \/>\n&#8212;&#8212;&#8212;&#8212;&#8212;&#8212;&#8212;&#8212;&#8212;&#8212;&#8212;<\/h2>\n<p>\u00bfPuedo retirar mi compra de alg\u00fan lugar?<br \/>\nSi. Puede retirar su compra desde nuestro deposito previa confirmacion presentando el DNI del comprador.<\/p>\n<p>\u00bfHacen env\u00edos?<br \/>\nS\u00ed. Enviamos a la CABA y al Gran BS AS con mini flete en el d\u00eda.<br \/>\nAl momento de realizar la compra tiene que elegir la opci\u00f3n de entrega \u201cAcuerdo con el vendedor\u201d y luego coordinar la entrega.<\/p>\n<\/div>\n<\/div>\n<\/div>\n","protected":false},"excerpt":{"rendered":"<ul>\n<li>Rendimiento 1.2kg por metro cuadrado por capa<\/li>\n<li>Resistencia a la abrasion<\/li>\n<li>Linea profesional<\/li>\n<li>Presentacion 18 lts<\/li>\n<li>Marca Lamiplas<\/li>\n<\/ul>\n","protected":false},"featured_media":1265,"comment_status":"open","ping_status":"closed","template":"","meta":{"spay_email":""},"product_cat":[36],"product_tag":[],"_links":{"self":[{"href":"https:\/\/alutech.com.ar\/tienda\/wp-json\/wp\/v2\/product\/1263"}],"collection":[{"href":"https:\/\/alutech.com.ar\/tienda\/wp-json\/wp\/v2\/product"}],"about":[{"href":"https:\/\/alutech.com.ar\/tienda\/wp-json\/wp\/v2\/types\/product"}],"replies":[{"embeddable":true,"href":"https:\/\/alutech.com.ar\/tienda\/wp-json\/wp\/v2\/comments?post=1263"}],"wp:featuredmedia":[{"embeddable":true,"href":"https:\/\/alutech.com.ar\/tienda\/wp-json\/wp\/v2\/media\/1265"}],"wp:attachment":[{"href":"https:\/\/alutech.com.ar\/tienda\/wp-json\/wp\/v2\/media?parent=1263"}],"wp:term":[{"taxonomy":"product_cat","embeddable":true,"href":"https:\/\/alutech.com.ar\/tienda\/wp-json\/wp\/v2\/product_cat?post=1263"},{"taxonomy":"product_tag","embeddable":true,"href":"https:\/\/alutech.com.ar\/tienda\/wp-json\/wp\/v2\/product_tag?post=1263"}],"curies":[{"name":"wp","href":"https:\/\/api.w.org\/{rel}","templated":true}]}}