{"id":1269,"date":"2021-09-07T17:36:01","date_gmt":"2021-09-07T20:36:01","guid":{"rendered":"https:\/\/alutech.com.ar\/tienda\/?post_type=product&#038;p=1269"},"modified":"2024-02-11T20:21:36","modified_gmt":"2024-02-11T23:21:36","slug":"membrana-en-pasta-lamiplas-20-kg","status":"publish","type":"product","link":"https:\/\/alutech.com.ar\/tienda\/producto\/membrana-en-pasta-lamiplas-20-kg\/","title":{"rendered":"Membrana en pasta Lamiplas 20 kg"},"content":{"rendered":"<div id=\"col-1954220328\" class=\"col medium-4 small-12 large-4\">\n<div class=\"col-inner\">\n<h3><a href=\"https:\/\/alutech.com.ar\/tienda\/wp-content\/uploads\/2021\/09\/lamiplasheader-acrilico.jpg\"><img loading=\"lazy\" decoding=\"async\" class=\"alignnone wp-image-1271 size-full\" src=\"https:\/\/alutech.com.ar\/tienda\/wp-content\/uploads\/2021\/09\/lamiplasheader-acrilico.jpg\" alt=\"\" width=\"650\" height=\"203\" srcset=\"https:\/\/alutech.com.ar\/tienda\/wp-content\/uploads\/2021\/09\/lamiplasheader-acrilico.jpg 650w, https:\/\/alutech.com.ar\/tienda\/wp-content\/uploads\/2021\/09\/lamiplasheader-acrilico-300x94.jpg 300w, https:\/\/alutech.com.ar\/tienda\/wp-content\/uploads\/2021\/09\/lamiplasheader-acrilico-600x187.jpg 600w\" sizes=\"(max-width: 650px) 100vw, 650px\" \/><\/a><a href=\"https:\/\/alutech.com.ar\/tienda\/wp-content\/uploads\/2021\/09\/membranapasta.jpg\"><img loading=\"lazy\" decoding=\"async\" class=\"alignnone wp-image-1270 size-thumbnail\" src=\"https:\/\/alutech.com.ar\/tienda\/wp-content\/uploads\/2021\/09\/membranapasta-150x150.jpg\" alt=\"\" width=\"150\" height=\"150\" srcset=\"https:\/\/alutech.com.ar\/tienda\/wp-content\/uploads\/2021\/09\/membranapasta-150x150.jpg 150w, https:\/\/alutech.com.ar\/tienda\/wp-content\/uploads\/2021\/09\/membranapasta-300x300.jpg 300w, https:\/\/alutech.com.ar\/tienda\/wp-content\/uploads\/2021\/09\/membranapasta-100x100.jpg 100w, https:\/\/alutech.com.ar\/tienda\/wp-content\/uploads\/2021\/09\/membranapasta.jpg 500w\" sizes=\"(max-width: 150px) 100vw, 150px\" \/><\/a><\/h3>\n<h3><strong>Ventajas<\/strong><\/h3>\n<div id=\"row-1619197858\" class=\"row\">\n<div id=\"col-349477238\" class=\"col medium-6 small-12 large-6\">\n<div class=\"col-inner\">\n<p>\u25cf Impermeable.<br \/>\n\u25cf Muy f\u00e1cil aplicaci\u00f3n.<br \/>\n\u25cf Econ\u00f3mica.<br \/>\n\u25cf Muy buena adherencia al sustrato.<br \/>\n\u25cf De consistencia pastosa\u00a0y gran poder cubritivo.<\/p>\n<\/div>\n<\/div>\n<div id=\"col-2096913243\" class=\"col medium-6 small-12 large-6\">\n<div class=\"col-inner\">\n<p>\u25cf Con un m\u00ednimo de 3 manos\u00a0forma una pel\u00edcula.<br \/>\n\u25cf No es necesario contratar\u00a0a un profesional para aplicar el producto.<br \/>\n\u25cf Ideal para impermeabilizar\u00a0peque\u00f1as superficies.<\/p>\n<\/div>\n<\/div>\n<\/div>\n<div id=\"row-607876677\" class=\"row\">\n<div id=\"col-851730969\" class=\"col medium-4 small-12 large-4\">\n<div class=\"col-inner\">\n<h3>Descripci\u00f3n<\/h3>\n<div>Los asfaltos oxidados son asfaltos industriales modificados. Son asfaltos que han sido sometidos a diferentes procesos para modificar alguna de sus propiedades, en este caso sometidos a oxidaci\u00f3n. Por su rango de variaci\u00f3n de penetraci\u00f3n y punto de ablandamiento permiten abarcar diferentes y variados usos.<\/div>\n<div>LAMIPLAS AP-30 es un producto de aplicaci\u00f3n en caliente.<\/div>\n<\/div>\n<\/div>\n<div id=\"col-1035989561\" class=\"col medium-4 small-12 large-4\">\n<div class=\"col-inner\">\n<h3>Usos:<\/h3>\n<p>Puede aplicarse sobre todo tipo de cubiertas, ya sean planas, abovedadas o con pendiente, sobre cemento, cer\u00e1micas o membranas asf\u00e1lticas ya instaladas.<br \/>\nEs ideal para impermeabilizar cubiertas transitables y como opcional se puede reforzar con fibra de vidrio. Para dar terminaci\u00f3n y color a la membrana geotextil. Soporta las exigencias clim\u00e1ticas hostiles, resiste el transito moderado.<\/p>\n<\/div>\n<h2>Preguntas frecuentes<br \/>\n&#8212;&#8212;&#8212;&#8212;&#8212;&#8212;&#8212;&#8212;&#8212;&#8212;&#8212;<\/h2>\n<p>\u00bfPuedo retirar mi compra de alg\u00fan lugar?<br \/>\nSi. Puede retirar su compra desde nuestro deposito previa confirmacion presentando el DNI del comprador.<\/p>\n<p>\u00bfHacen env\u00edos?<br \/>\nS\u00ed. Enviamos a la CABA y al Gran BS AS con mini flete en el d\u00eda.<br \/>\nAl momento de realizar la compra tiene que elegir la opci\u00f3n de entrega \u201cAcuerdo con el vendedor\u201d y luego coordinar la entrega.<\/p>\n<\/div>\n<\/div>\n<\/div>\n<\/div>\n","protected":false},"excerpt":{"rendered":"<ul>\n<li>Lista para usar<\/li>\n<li>Impermeabilizante<\/li>\n<li>Linea profesional<\/li>\n<li>Presentacion 20 kg<\/li>\n<li>Marca Lamiplas<\/li>\n<\/ul>\n","protected":false},"featured_media":1272,"comment_status":"open","ping_status":"closed","template":"","meta":{"spay_email":""},"product_cat":[36],"product_tag":[],"_links":{"self":[{"href":"https:\/\/alutech.com.ar\/tienda\/wp-json\/wp\/v2\/product\/1269"}],"collection":[{"href":"https:\/\/alutech.com.ar\/tienda\/wp-json\/wp\/v2\/product"}],"about":[{"href":"https:\/\/alutech.com.ar\/tienda\/wp-json\/wp\/v2\/types\/product"}],"replies":[{"embeddable":true,"href":"https:\/\/alutech.com.ar\/tienda\/wp-json\/wp\/v2\/comments?post=1269"}],"wp:featuredmedia":[{"embeddable":true,"href":"https:\/\/alutech.com.ar\/tienda\/wp-json\/wp\/v2\/media\/1272"}],"wp:attachment":[{"href":"https:\/\/alutech.com.ar\/tienda\/wp-json\/wp\/v2\/media?parent=1269"}],"wp:term":[{"taxonomy":"product_cat","embeddable":true,"href":"https:\/\/alutech.com.ar\/tienda\/wp-json\/wp\/v2\/product_cat?post=1269"},{"taxonomy":"product_tag","embeddable":true,"href":"https:\/\/alutech.com.ar\/tienda\/wp-json\/wp\/v2\/product_tag?post=1269"}],"curies":[{"name":"wp","href":"https:\/\/api.w.org\/{rel}","templated":true}]}}