{"id":1308,"date":"2021-09-08T16:52:55","date_gmt":"2021-09-08T19:52:55","guid":{"rendered":"https:\/\/alutech.com.ar\/tienda\/?post_type=product&#038;p=1308"},"modified":"2023-07-31T12:35:08","modified_gmt":"2023-07-31T15:35:08","slug":"ladrillo-de-telgopor-t1-10-cm","status":"publish","type":"product","link":"https:\/\/alutech.com.ar\/tienda\/producto\/ladrillo-de-telgopor-t1-10-cm\/","title":{"rendered":"Ladrillo de telgopor T1 10 cm"},"content":{"rendered":"<p><a href=\"https:\/\/alutech.com.ar\/tienda\/wp-content\/uploads\/2021\/09\/telgopor-3.jpg\"><img loading=\"lazy\" decoding=\"async\" class=\"alignright wp-image-1309\" src=\"https:\/\/alutech.com.ar\/tienda\/wp-content\/uploads\/2021\/09\/telgopor-3-300x288.jpg\" alt=\"\" width=\"400\" height=\"384\" srcset=\"https:\/\/alutech.com.ar\/tienda\/wp-content\/uploads\/2021\/09\/telgopor-3-300x288.jpg 300w, https:\/\/alutech.com.ar\/tienda\/wp-content\/uploads\/2021\/09\/telgopor-3-768x737.jpg 768w, https:\/\/alutech.com.ar\/tienda\/wp-content\/uploads\/2021\/09\/telgopor-3-600x576.jpg 600w, https:\/\/alutech.com.ar\/tienda\/wp-content\/uploads\/2021\/09\/telgopor-3.jpg 844w\" sizes=\"(max-width: 400px) 100vw, 400px\" \/><\/a><\/p>\n<p><strong>Ladrillos ultralivianos para techos, paredes y entrepisos con viguetas<\/strong><\/p>\n<p>\u2022Ideal para realizar losas livianas, reduciendo el peso propio e incrementando notablemente el nivel de aislaci\u00f3n t\u00e9rmica y ac\u00fastica.<\/p>\n<p>\u2022F\u00e1cil colocaci\u00f3n, evitando roturas y desperdicios durante su manipuleo. Es el \u00fanico que garantiza la densidad adecuada, altura precisa y medidas normalizadas. Su cuadrilla ranurada que se encuentra en su lado inferior permite cualquier tipo de terminaci\u00f3n, asegurando una perfecta adhesi\u00f3n del revoque, yeso o salpicado, adem\u00e1s su aspecto es apto para el uso a la vista. El producto no se cuartea ni fisura.<\/p>\n<p>\u2022Ahorro de energ\u00eda gracias a la aislaci\u00f3n. Ahorro de costos en material y mantenimiento.<\/p>\n<p>\u2022Yeso: Se realiza en la forma usual, aplicando el engrose y el posterior enlucido.<\/p>\n<p>\u2022Fino a la cal: Recomendamos hacer un \u201cpuente de adherencia\u201d (mortero con dispersi\u00f3n acr\u00edlica) a fin de crear una base firme para la capa de terminaci\u00f3n.<\/p>\n<p>\u2022Arquitectura sustentable: el EPS ofrece construcci\u00f3n ecol\u00f3gica y eficiente, rapidez, limpieza de obra y racionalizaci\u00f3n de materiales.<\/p>\n<p>\u2022El material es tan vers\u00e1til que puede ser utilizado en cualquier tipo de construcci\u00f3n, desde viviendas unifamiliares, c\u00e1maras frigor\u00edficas, s\u00f3tanos, piscinas, subterr\u00e1neos, hasta galpones e incluso edificios de cuatro pisos o m\u00e1s, dependiendo del dise\u00f1o estructural.<\/p>\n<p><strong>Telgopor\u00ae<\/strong> es clasificado como aislante t\u00e9rmico por las normas IRAM 1738, el \u00fanico fabricado con EPS de alta calidad, Poliestireno Expandido tipo F (autoextinguible) seg\u00fan Norma ASTM E162 y Norma IRAM 11918 en clase R2.<\/p>\n<p>&nbsp;<\/p>\n<h2>Preguntas frecuentes<br \/>\n&#8212;&#8212;&#8212;&#8212;&#8212;&#8212;&#8212;&#8212;&#8212;&#8212;&#8212;<\/h2>\n<p>\u00bfPuedo retirar mi compra de alg\u00fan lugar?<br \/>\nSi. Puede retirar su compra desde nuestro deposito previa confirmacion presentando el DNI del comprador.<\/p>\n<p>\u00bfHacen env\u00edos?<br \/>\nS\u00ed. Enviamos a la CABA y al Gran BS AS con mini flete en el d\u00eda.<br \/>\nAl momento de realizar la compra tiene que elegir la opci\u00f3n de entrega \u201cAcuerdo con el vendedor\u201d y luego coordinar la entrega.<\/p>\n","protected":false},"excerpt":{"rendered":"<ul>\n<li>Medidas 100 x 42 x 10 cm<\/li>\n<li>Facil colocacion<\/li>\n<li>Dise\u00f1o exclusivo <strong>Telgopor\u00ae<\/strong><\/li>\n<li>Para losas con viguetas pretensadas<\/li>\n<\/ul>\n","protected":false},"featured_media":1310,"comment_status":"open","ping_status":"closed","template":"","meta":{"spay_email":""},"product_cat":[42],"product_tag":[],"_links":{"self":[{"href":"https:\/\/alutech.com.ar\/tienda\/wp-json\/wp\/v2\/product\/1308"}],"collection":[{"href":"https:\/\/alutech.com.ar\/tienda\/wp-json\/wp\/v2\/product"}],"about":[{"href":"https:\/\/alutech.com.ar\/tienda\/wp-json\/wp\/v2\/types\/product"}],"replies":[{"embeddable":true,"href":"https:\/\/alutech.com.ar\/tienda\/wp-json\/wp\/v2\/comments?post=1308"}],"wp:featuredmedia":[{"embeddable":true,"href":"https:\/\/alutech.com.ar\/tienda\/wp-json\/wp\/v2\/media\/1310"}],"wp:attachment":[{"href":"https:\/\/alutech.com.ar\/tienda\/wp-json\/wp\/v2\/media?parent=1308"}],"wp:term":[{"taxonomy":"product_cat","embeddable":true,"href":"https:\/\/alutech.com.ar\/tienda\/wp-json\/wp\/v2\/product_cat?post=1308"},{"taxonomy":"product_tag","embeddable":true,"href":"https:\/\/alutech.com.ar\/tienda\/wp-json\/wp\/v2\/product_tag?post=1308"}],"curies":[{"name":"wp","href":"https:\/\/api.w.org\/{rel}","templated":true}]}}